{"id":2,"date":"2025-10-21T18:32:18","date_gmt":"2025-10-21T16:32:18","guid":{"rendered":"https:\/\/nownikah.com\/?page_id=2"},"modified":"2025-12-03T18:38:36","modified_gmt":"2025-12-03T17:38:36","slug":"termin-buchen","status":"publish","type":"page","link":"https:\/\/nownikah.de\/en\/termin-buchen\/","title":{"rendered":"Book appointment"},"content":{"rendered":"<div data-elementor-type=\"wp-page\" data-elementor-id=\"2\" class=\"elementor elementor-2\" data-elementor-post-type=\"page\">\n\t\t\t\t<div class=\"elementor-element elementor-element-df714f5 e-flex e-con-boxed e-con e-parent\" data-id=\"df714f5\" data-element_type=\"container\">\n\t\t\t\t\t<div class=\"e-con-inner\">\n\t\t<div class=\"elementor-element elementor-element-45541cf e-con-full e-flex e-con e-child\" data-id=\"45541cf\" data-element_type=\"container\">\n\t\t\t\t<div class=\"elementor-element elementor-element-0988b72 elementor-widget elementor-widget-heading\" data-id=\"0988b72\" data-element_type=\"widget\" data-widget_type=\"heading.default\">\n\t\t\t\t\t<h1 class=\"elementor-heading-title elementor-size-default\">Choose your date for the Nikah ceremony\n<\/h1>\t\t\t\t<\/div>\n\t\t\t\t<div class=\"elementor-element elementor-element-aa842bc elementor-widget elementor-widget-text-editor\" data-id=\"aa842bc\" data-element_type=\"widget\" data-widget_type=\"text-editor.default\">\n\t\t\t\t\t\t\t\t\t<p>Please choose in the following form to set a date for your Islamic marriage.<br \/>Specify also, whether you bring your own tools, or whether we should make for you.<br \/>Our imams accompany you step \u2013 by-step safely, discreetly, and according to Islamic law.<\/p><p>May be this step is the beginning of your journey with Barakah, love, and peace.<\/p>\t\t\t\t\t\t\t\t<\/div>\n\t\t\t\t<\/div>\n\t\t<div class=\"elementor-element elementor-element-87d3cb8 e-con-full e-flex e-con e-child\" data-id=\"87d3cb8\" data-element_type=\"container\" data-settings=\"{&quot;background_background&quot;:&quot;classic&quot;}\">\n\t\t\t\t<div class=\"elementor-element elementor-element-b6d7353 elementor-widget elementor-widget-text-editor\" data-id=\"b6d7353\" data-element_type=\"widget\" data-widget_type=\"text-editor.default\">\n\t\t\t\t\t\t\t\t\t<p>\"And He it is who has created you from a single soul and from it its mate was, so he finds in her a sense of security.\"<br \/>(Qur'an 7:189)<\/p>\t\t\t\t\t\t\t\t<\/div>\n\t\t\t\t<\/div>\n\t\t\t\t\t<\/div>\n\t\t\t\t<\/div>\n\t\t<div class=\"elementor-element elementor-element-6bc70478 e-flex e-con-boxed e-con e-parent\" data-id=\"6bc70478\" data-element_type=\"container\">\n\t\t\t\t\t<div class=\"e-con-inner\">\n\t\t\t\t<div class=\"elementor-element elementor-element-e45903f elementor-widget elementor-widget-text-editor\" data-id=\"e45903f\" data-element_type=\"widget\" data-widget_type=\"text-editor.default\">\n\t\t\t\t\t\t\t\t\t<p>Note: times are in GMT+4.<\/p>\t\t\t\t\t\t\t\t<\/div>\n\t\t\t\t<div class=\"elementor-element elementor-element-414d6839 elementor-widget elementor-widget-text-editor\" data-id=\"414d6839\" data-element_type=\"widget\" data-widget_type=\"text-editor.default\">\n\t\t\t\t\t\t\t\t\t[booked-calendar]\t\t\t\t\t\t\t\t<\/div>\n\t\t\t\t\t<\/div>\n\t\t\t\t<\/div>\n\t\t\t\t<\/div>","protected":false},"excerpt":{"rendered":"<p>W\u00e4hle jetzt deinen Termin f\u00fcr die Nikah-Zeremonie Bitte w\u00e4hle im folgenden Formular den Termin f\u00fcr eure islamische Eheschlie\u00dfung.Gib au\u00dferdem an, ob du eigene Zeugen mitbringst oder ob wir diese f\u00fcr euch bereitstellen sollen.Unsere Imame begleiten euch Schritt f\u00fcr Schritt \u2013 sicher, diskret und nach islamischem Recht. M\u00f6ge dieser Schritt der Beginn eurer gemeinsamen Reise mit [&hellip;]<\/p>","protected":false},"author":1,"featured_media":0,"parent":0,"menu_order":0,"comment_status":"closed","ping_status":"open","template":"","meta":{"footnotes":""},"class_list":["post-2","page","type-page","status-publish","hentry"],"yoast_head":"<!-- This site is optimized with the Yoast SEO plugin v26.4 - https:\/\/yoast.com\/wordpress\/plugins\/seo\/ -->\n<title>Termin buchen - NowNikah<\/title>\n<meta name=\"robots\" content=\"index, follow, max-snippet:-1, max-image-preview:large, max-video-preview:-1\" \/>\n<link rel=\"canonical\" href=\"https:\/\/nownikah.de\/en\/termin-buchen\/\" \/>\n<meta property=\"og:locale\" content=\"en_US\" \/>\n<meta property=\"og:type\" content=\"article\" \/>\n<meta property=\"og:title\" content=\"Termin buchen - NowNikah\" \/>\n<meta property=\"og:description\" content=\"W\u00e4hle jetzt deinen Termin f\u00fcr die Nikah-Zeremonie Bitte w\u00e4hle im folgenden Formular den Termin f\u00fcr eure islamische Eheschlie\u00dfung.Gib au\u00dferdem an, ob du eigene Zeugen mitbringst oder ob wir diese f\u00fcr euch bereitstellen sollen.Unsere Imame begleiten euch Schritt f\u00fcr Schritt \u2013 sicher, diskret und nach islamischem Recht. M\u00f6ge dieser Schritt der Beginn eurer gemeinsamen Reise mit [&hellip;]\" \/>\n<meta property=\"og:url\" content=\"https:\/\/nownikah.de\/en\/termin-buchen\/\" \/>\n<meta property=\"og:site_name\" content=\"NowNikah\" \/>\n<meta property=\"article:modified_time\" content=\"2025-12-03T17:38:36+00:00\" \/>\n<meta name=\"twitter:card\" content=\"summary_large_image\" \/>\n<meta name=\"twitter:label1\" content=\"Est. reading time\" \/>\n\t<meta name=\"twitter:data1\" content=\"1 minute\" \/>\n<script type=\"application\/ld+json\" class=\"yoast-schema-graph\">{\"@context\":\"https:\/\/schema.org\",\"@graph\":[{\"@type\":\"WebPage\",\"@id\":\"https:\/\/nownikah.de\/termin-buchen\/\",\"url\":\"https:\/\/nownikah.de\/termin-buchen\/\",\"name\":\"Termin buchen - NowNikah\",\"isPartOf\":{\"@id\":\"https:\/\/nownikah.de\/#website\"},\"datePublished\":\"2025-10-21T16:32:18+00:00\",\"dateModified\":\"2025-12-03T17:38:36+00:00\",\"breadcrumb\":{\"@id\":\"https:\/\/nownikah.de\/termin-buchen\/#breadcrumb\"},\"inLanguage\":\"en-US\",\"potentialAction\":[{\"@type\":\"ReadAction\",\"target\":[\"https:\/\/nownikah.de\/termin-buchen\/\"]}]},{\"@type\":\"BreadcrumbList\",\"@id\":\"https:\/\/nownikah.de\/termin-buchen\/#breadcrumb\",\"itemListElement\":[{\"@type\":\"ListItem\",\"position\":1,\"name\":\"Startseite\",\"item\":\"https:\/\/nownikah.de\/\"},{\"@type\":\"ListItem\",\"position\":2,\"name\":\"Termin buchen\"}]},{\"@type\":\"WebSite\",\"@id\":\"https:\/\/nownikah.de\/#website\",\"url\":\"https:\/\/nownikah.de\/\",\"name\":\"NowNikah\",\"description\":\"\",\"potentialAction\":[{\"@type\":\"SearchAction\",\"target\":{\"@type\":\"EntryPoint\",\"urlTemplate\":\"https:\/\/nownikah.de\/?s={search_term_string}\"},\"query-input\":{\"@type\":\"PropertyValueSpecification\",\"valueRequired\":true,\"valueName\":\"search_term_string\"}}],\"inLanguage\":\"en-US\"}]}<\/script>\n<!-- \/ Yoast SEO plugin. -->","yoast_head_json":{"title":"Termin buchen - NowNikah","robots":{"index":"index","follow":"follow","max-snippet":"max-snippet:-1","max-image-preview":"max-image-preview:large","max-video-preview":"max-video-preview:-1"},"canonical":"https:\/\/nownikah.de\/en\/termin-buchen\/","og_locale":"en_US","og_type":"article","og_title":"Termin buchen - NowNikah","og_description":"W\u00e4hle jetzt deinen Termin f\u00fcr die Nikah-Zeremonie Bitte w\u00e4hle im folgenden Formular den Termin f\u00fcr eure islamische Eheschlie\u00dfung.Gib au\u00dferdem an, ob du eigene Zeugen mitbringst oder ob wir diese f\u00fcr euch bereitstellen sollen.Unsere Imame begleiten euch Schritt f\u00fcr Schritt \u2013 sicher, diskret und nach islamischem Recht. M\u00f6ge dieser Schritt der Beginn eurer gemeinsamen Reise mit [&hellip;]","og_url":"https:\/\/nownikah.de\/en\/termin-buchen\/","og_site_name":"NowNikah","article_modified_time":"2025-12-03T17:38:36+00:00","twitter_card":"summary_large_image","twitter_misc":{"Est. reading time":"1 minute"},"schema":{"@context":"https:\/\/schema.org","@graph":[{"@type":"WebPage","@id":"https:\/\/nownikah.de\/termin-buchen\/","url":"https:\/\/nownikah.de\/termin-buchen\/","name":"Termin buchen - NowNikah","isPartOf":{"@id":"https:\/\/nownikah.de\/#website"},"datePublished":"2025-10-21T16:32:18+00:00","dateModified":"2025-12-03T17:38:36+00:00","breadcrumb":{"@id":"https:\/\/nownikah.de\/termin-buchen\/#breadcrumb"},"inLanguage":"en-US","potentialAction":[{"@type":"ReadAction","target":["https:\/\/nownikah.de\/termin-buchen\/"]}]},{"@type":"BreadcrumbList","@id":"https:\/\/nownikah.de\/termin-buchen\/#breadcrumb","itemListElement":[{"@type":"ListItem","position":1,"name":"Startseite","item":"https:\/\/nownikah.de\/"},{"@type":"ListItem","position":2,"name":"Termin buchen"}]},{"@type":"WebSite","@id":"https:\/\/nownikah.de\/#website","url":"https:\/\/nownikah.de\/","name":"NowNikah","description":"","potentialAction":[{"@type":"SearchAction","target":{"@type":"EntryPoint","urlTemplate":"https:\/\/nownikah.de\/?s={search_term_string}"},"query-input":{"@type":"PropertyValueSpecification","valueRequired":true,"valueName":"search_term_string"}}],"inLanguage":"en-US"}]}},"_links":{"self":[{"href":"https:\/\/nownikah.de\/en\/wp-json\/wp\/v2\/pages\/2","targetHints":{"allow":["GET"]}}],"collection":[{"href":"https:\/\/nownikah.de\/en\/wp-json\/wp\/v2\/pages"}],"about":[{"href":"https:\/\/nownikah.de\/en\/wp-json\/wp\/v2\/types\/page"}],"author":[{"embeddable":true,"href":"https:\/\/nownikah.de\/en\/wp-json\/wp\/v2\/users\/1"}],"replies":[{"embeddable":true,"href":"https:\/\/nownikah.de\/en\/wp-json\/wp\/v2\/comments?post=2"}],"version-history":[{"count":18,"href":"https:\/\/nownikah.de\/en\/wp-json\/wp\/v2\/pages\/2\/revisions"}],"predecessor-version":[{"id":421,"href":"https:\/\/nownikah.de\/en\/wp-json\/wp\/v2\/pages\/2\/revisions\/421"}],"wp:attachment":[{"href":"https:\/\/nownikah.de\/en\/wp-json\/wp\/v2\/media?parent=2"}],"curies":[{"name":"wp","href":"https:\/\/api.w.org\/{rel}","templated":true}]}}